{"id":1083,"date":"2018-05-08T07:27:59","date_gmt":"2018-05-08T12:27:59","guid":{"rendered":"https:\/\/merakismart.co\/portal\/?page_id=1083"},"modified":"2023-07-21T15:40:08","modified_gmt":"2023-07-21T20:40:08","slug":"nosotros","status":"publish","type":"page","link":"https:\/\/ecoallpa.com\/portal\/nosotros\/","title":{"rendered":"Nosotros"},"content":{"rendered":"\t\t<div data-elementor-type=\"wp-post\" data-elementor-id=\"1083\" class=\"elementor elementor-1083\" data-elementor-post-type=\"page\">\n\t\t\t\t\t\t<section class=\"elementor-section elementor-top-section elementor-element elementor-element-1caab4b elementor-section-boxed elementor-section-height-default elementor-section-height-default\" data-id=\"1caab4b\" data-element_type=\"section\">\n\t\t\t\t\t\t<div class=\"elementor-container elementor-column-gap-default\">\n\t\t\t\t\t<div class=\"elementor-column elementor-col-66 elementor-top-column elementor-element elementor-element-a0a355b\" data-id=\"a0a355b\" data-element_type=\"column\">\n\t\t\t<div class=\"elementor-widget-wrap elementor-element-populated\">\n\t\t\t\t\t\t<div class=\"elementor-element elementor-element-97ac514 elementor-widget elementor-widget-text-editor\" data-id=\"97ac514\" data-element_type=\"widget\" data-widget_type=\"text-editor.default\">\n\t\t\t\t<div class=\"elementor-widget-container\">\n\t\t\t\t\t\t\t\t\t<div style=\"text-align: left\"><span style=\"font-size: 14pt\">Es una empresa que nace bajo el prop\u00f3sito de aportar a la reducci\u00f3n\u00a0del impacto ambiental ofreciendo alternativas de empaque biodegradables, compostables,\u00a0<\/span><span style=\"font-size: 18.6667px\">\u00a0funcionales y sostenibles.<\/span><\/div>\t\t\t\t\t\t\t\t<\/div>\n\t\t\t\t<\/div>\n\t\t\t\t\t<\/div>\n\t\t<\/div>\n\t\t\t\t<div class=\"elementor-column elementor-col-33 elementor-top-column elementor-element elementor-element-e554125\" data-id=\"e554125\" data-element_type=\"column\">\n\t\t\t<div class=\"elementor-widget-wrap elementor-element-populated\">\n\t\t\t\t\t\t<div class=\"elementor-element elementor-element-68eab90 elementor-widget elementor-widget-image\" data-id=\"68eab90\" data-element_type=\"widget\" data-widget_type=\"image.default\">\n\t\t\t\t<div class=\"elementor-widget-container\">\n\t\t\t\t\t\t\t\t\t\t\t\t\t\t\t<img fetchpriority=\"high\" decoding=\"async\" width=\"500\" height=\"500\" src=\"https:\/\/ecoallpa.com\/portal\/wp-content\/uploads\/2022\/11\/Logo_Eco-removebg-preview.png\" class=\"attachment-full size-full wp-image-3961\" alt=\"Logo ecoallpa\" srcset=\"https:\/\/ecoallpa.com\/portal\/wp-content\/uploads\/2022\/11\/Logo_Eco-removebg-preview.png 500w, https:\/\/ecoallpa.com\/portal\/wp-content\/uploads\/2022\/11\/Logo_Eco-removebg-preview-150x150.png 150w, https:\/\/ecoallpa.com\/portal\/wp-content\/uploads\/2022\/11\/Logo_Eco-removebg-preview-300x300.png 300w, https:\/\/ecoallpa.com\/portal\/wp-content\/uploads\/2022\/11\/Logo_Eco-removebg-preview-100x100.png 100w, https:\/\/ecoallpa.com\/portal\/wp-content\/uploads\/2022\/11\/elementor\/thumbs\/Logo_Eco-removebg-preview-150x150.png 1050w\" sizes=\"(max-width: 500px) 100vw, 500px\" \/>\t\t\t\t\t\t\t\t\t\t\t\t\t\t\t<\/div>\n\t\t\t\t<\/div>\n\t\t\t\t\t<\/div>\n\t\t<\/div>\n\t\t\t\t\t<\/div>\n\t\t<\/section>\n\t\t\t\t<section class=\"elementor-section elementor-top-section elementor-element elementor-element-9a8a463 elementor-section-boxed elementor-section-height-default elementor-section-height-default\" data-id=\"9a8a463\" data-element_type=\"section\" data-settings=\"{&quot;background_background&quot;:&quot;classic&quot;}\">\n\t\t\t\t\t\t<div class=\"elementor-container elementor-column-gap-default\">\n\t\t\t\t\t<div class=\"elementor-column elementor-col-50 elementor-top-column elementor-element elementor-element-1b21cc4\" data-id=\"1b21cc4\" data-element_type=\"column\">\n\t\t\t<div class=\"elementor-widget-wrap elementor-element-populated\">\n\t\t\t\t\t\t<div class=\"elementor-element elementor-element-256b142 elementor-widget elementor-widget-image\" data-id=\"256b142\" data-element_type=\"widget\" data-widget_type=\"image.default\">\n\t\t\t\t<div class=\"elementor-widget-container\">\n\t\t\t\t\t\t\t\t\t\t\t\t\t\t\t<img decoding=\"async\" width=\"612\" height=\"408\" src=\"https:\/\/ecoallpa.com\/portal\/wp-content\/uploads\/2022\/11\/image-removebg-preview.png\" class=\"attachment-large size-large wp-image-3962\" alt=\"menaje-biodegradable\" srcset=\"https:\/\/ecoallpa.com\/portal\/wp-content\/uploads\/2022\/11\/image-removebg-preview.png 612w, https:\/\/ecoallpa.com\/portal\/wp-content\/uploads\/2022\/11\/image-removebg-preview-150x100.png 150w, https:\/\/ecoallpa.com\/portal\/wp-content\/uploads\/2022\/11\/image-removebg-preview-600x400.png 600w\" sizes=\"(max-width: 612px) 100vw, 612px\" \/>\t\t\t\t\t\t\t\t\t\t\t\t\t\t\t<\/div>\n\t\t\t\t<\/div>\n\t\t\t\t\t<\/div>\n\t\t<\/div>\n\t\t\t\t<div class=\"elementor-column elementor-col-50 elementor-top-column elementor-element elementor-element-414b710\" data-id=\"414b710\" data-element_type=\"column\">\n\t\t\t<div class=\"elementor-widget-wrap elementor-element-populated\">\n\t\t\t\t\t\t<div class=\"elementor-element elementor-element-656d33c elementor-widget elementor-widget-text-editor\" data-id=\"656d33c\" data-element_type=\"widget\" data-widget_type=\"text-editor.default\">\n\t\t\t\t<div class=\"elementor-widget-container\">\n\t\t\t\t\t\t\t\t\t<p><span style=\"font-size: 14pt\">Para el 2025 estar posicionados en las principales cadenas de distribuci\u00f3n, comercializaci\u00f3n, y preparaci\u00f3n de alimentos, as\u00ed como tambi\u00e9n, incrementar los \u00edndices de conciencia ambiental mediante el uso de productos 100% reciclables\u00a0y biodegradables.<\/span>\u00a0<\/p>\t\t\t\t\t\t\t\t<\/div>\n\t\t\t\t<\/div>\n\t\t\t\t\t<\/div>\n\t\t<\/div>\n\t\t\t\t\t<\/div>\n\t\t<\/section>\n\t\t\t\t<section class=\"elementor-section elementor-top-section elementor-element elementor-element-6342a58 elementor-section-boxed elementor-section-height-default elementor-section-height-default\" data-id=\"6342a58\" data-element_type=\"section\">\n\t\t\t\t\t\t<div class=\"elementor-container elementor-column-gap-default\">\n\t\t\t\t\t<div class=\"elementor-column elementor-col-66 elementor-top-column elementor-element elementor-element-fea650e\" data-id=\"fea650e\" data-element_type=\"column\">\n\t\t\t<div class=\"elementor-widget-wrap elementor-element-populated\">\n\t\t\t\t\t\t<div class=\"elementor-element elementor-element-f6e700a elementor-widget elementor-widget-text-editor\" data-id=\"f6e700a\" data-element_type=\"widget\" data-widget_type=\"text-editor.default\">\n\t\t\t\t<div class=\"elementor-widget-container\">\n\t\t\t\t\t\t\t\t\t<p style=\"text-align: left\"><span style=\"font-size: 14pt\">Somos importadores y comercializadores\u00a0<\/span><span style=\"font-size: 14pt\">de desechables y elementos de menaje para\u00a0<\/span><span style=\"font-size: 14pt\">el consumo de alimentos 100%\u00a0<\/span><span style=\"font-size: 14pt\">biodegradables y fabricados con materiales\u00a0<\/span><span style=\"font-size: 14pt\">totalmente naturales.<\/span><\/p><p style=\"text-align: left\"><span style=\"font-size: 14pt\">Ofrecemos un amplio portafolio para lograr\u00a0<\/span><span style=\"font-size: 14pt\">suplir las necesidades de distintas cadenas\u00a0<\/span><span style=\"font-size: 14pt\">de restaurantes, hoteles y distribuidores, entre otros,<\/span><br \/><span style=\"font-size: 14pt\">adem\u00e1s de estar alineados con las pol\u00edticas\u00a0<\/span><span style=\"font-size: 14pt\">de reducci\u00f3n y aprovechamiento de\u00a0<\/span><span style=\"font-size: 14pt\">residuos.\u00a0 <\/span><\/p>\t\t\t\t\t\t\t\t<\/div>\n\t\t\t\t<\/div>\n\t\t\t\t\t<\/div>\n\t\t<\/div>\n\t\t\t\t<div class=\"elementor-column elementor-col-33 elementor-top-column elementor-element elementor-element-9d91de4\" data-id=\"9d91de4\" data-element_type=\"column\">\n\t\t\t<div class=\"elementor-widget-wrap elementor-element-populated\">\n\t\t\t\t\t\t<div class=\"elementor-element elementor-element-93a7565 elementor-widget__width-auto elementor-widget elementor-widget-image\" data-id=\"93a7565\" data-element_type=\"widget\" data-widget_type=\"image.default\">\n\t\t\t\t<div class=\"elementor-widget-container\">\n\t\t\t\t\t\t\t\t\t\t\t\t\t\t\t<img decoding=\"async\" width=\"547\" height=\"456\" src=\"https:\/\/ecoallpa.com\/portal\/wp-content\/uploads\/2022\/11\/image-removebg-preview-1.png\" class=\"attachment-medium size-medium wp-image-3963\" alt=\"menaje-biodegradable\" srcset=\"https:\/\/ecoallpa.com\/portal\/wp-content\/uploads\/2022\/11\/image-removebg-preview-1.png 547w, https:\/\/ecoallpa.com\/portal\/wp-content\/uploads\/2022\/11\/image-removebg-preview-1-150x125.png 150w\" sizes=\"(max-width: 547px) 100vw, 547px\" \/>\t\t\t\t\t\t\t\t\t\t\t\t\t\t\t<\/div>\n\t\t\t\t<\/div>\n\t\t\t\t\t<\/div>\n\t\t<\/div>\n\t\t\t\t\t<\/div>\n\t\t<\/section>\n\t\t\t\t<section class=\"elementor-section elementor-top-section elementor-element elementor-element-5b417d8 elementor-section-boxed elementor-section-height-default elementor-section-height-default\" data-id=\"5b417d8\" data-element_type=\"section\" data-settings=\"{&quot;background_background&quot;:&quot;classic&quot;}\">\n\t\t\t\t\t\t<div class=\"elementor-container elementor-column-gap-default\">\n\t\t\t\t\t<div class=\"elementor-column elementor-col-100 elementor-top-column elementor-element elementor-element-1454cd4\" data-id=\"1454cd4\" data-element_type=\"column\">\n\t\t\t<div class=\"elementor-widget-wrap elementor-element-populated\">\n\t\t\t\t\t\t<div class=\"elementor-element elementor-element-ff0bd5e elementor-widget elementor-widget-image-carousel\" data-id=\"ff0bd5e\" data-element_type=\"widget\" data-settings=\"{&quot;slides_to_show&quot;:&quot;7&quot;,&quot;navigation&quot;:&quot;none&quot;,&quot;autoplay&quot;:&quot;yes&quot;,&quot;pause_on_hover&quot;:&quot;yes&quot;,&quot;pause_on_interaction&quot;:&quot;yes&quot;,&quot;autoplay_speed&quot;:5000,&quot;infinite&quot;:&quot;yes&quot;,&quot;speed&quot;:500}\" data-widget_type=\"image-carousel.default\">\n\t\t\t\t<div class=\"elementor-widget-container\">\n\t\t\t\t\t\t\t<div class=\"elementor-image-carousel-wrapper swiper\" role=\"region\" aria-roledescription=\"carousel\" aria-label=\"Carrusel de im\u00e1genes\" dir=\"ltr\">\n\t\t\t<div class=\"elementor-image-carousel swiper-wrapper\" aria-live=\"off\">\n\t\t\t\t\t\t\t\t<div class=\"swiper-slide\" role=\"group\" aria-roledescription=\"slide\" aria-label=\"1 de 11\"><figure class=\"swiper-slide-inner\"><img decoding=\"async\" class=\"swiper-slide-image\" src=\"https:\/\/ecoallpa.com\/portal\/wp-content\/uploads\/2020\/02\/ASTM.png\" alt=\"empaques-biodegradables\" \/><\/figure><\/div><div class=\"swiper-slide\" role=\"group\" aria-roledescription=\"slide\" aria-label=\"2 de 11\"><figure class=\"swiper-slide-inner\"><img decoding=\"async\" class=\"swiper-slide-image\" src=\"https:\/\/ecoallpa.com\/portal\/wp-content\/uploads\/2020\/02\/BPI-Compostable.png\" alt=\"empaques-biodegradables\" \/><\/figure><\/div><div class=\"swiper-slide\" role=\"group\" aria-roledescription=\"slide\" aria-label=\"3 de 11\"><figure class=\"swiper-slide-inner\"><img decoding=\"async\" class=\"swiper-slide-image\" src=\"https:\/\/ecoallpa.com\/portal\/wp-content\/uploads\/2020\/02\/BRC.png\" alt=\"empaques-biodegradables\" \/><\/figure><\/div><div class=\"swiper-slide\" role=\"group\" aria-roledescription=\"slide\" aria-label=\"4 de 11\"><figure class=\"swiper-slide-inner\"><img decoding=\"async\" class=\"swiper-slide-image\" src=\"https:\/\/ecoallpa.com\/portal\/wp-content\/uploads\/2020\/02\/compostable.png\" alt=\"empaques-biodegradables\" \/><\/figure><\/div><div class=\"swiper-slide\" role=\"group\" aria-roledescription=\"slide\" aria-label=\"5 de 11\"><figure class=\"swiper-slide-inner\"><img decoding=\"async\" class=\"swiper-slide-image\" src=\"https:\/\/ecoallpa.com\/portal\/wp-content\/uploads\/2020\/02\/FDA.png\" alt=\"empaques-biodegradables\" \/><\/figure><\/div><div class=\"swiper-slide\" role=\"group\" aria-roledescription=\"slide\" aria-label=\"6 de 11\"><figure class=\"swiper-slide-inner\"><img decoding=\"async\" class=\"swiper-slide-image\" src=\"https:\/\/ecoallpa.com\/portal\/wp-content\/uploads\/2020\/02\/FSC.png\" alt=\"empaques-biodegradables\" \/><\/figure><\/div><div class=\"swiper-slide\" role=\"group\" aria-roledescription=\"slide\" aria-label=\"7 de 11\"><figure class=\"swiper-slide-inner\"><img decoding=\"async\" class=\"swiper-slide-image\" src=\"https:\/\/ecoallpa.com\/portal\/wp-content\/uploads\/2020\/02\/HACCP-Certification.png\" alt=\"empaques-biodegradables\" \/><\/figure><\/div><div class=\"swiper-slide\" role=\"group\" aria-roledescription=\"slide\" aria-label=\"8 de 11\"><figure class=\"swiper-slide-inner\"><img decoding=\"async\" class=\"swiper-slide-image\" src=\"https:\/\/ecoallpa.com\/portal\/wp-content\/uploads\/2020\/02\/Moody.png\" alt=\"empaques-biodegradables\" \/><\/figure><\/div><div class=\"swiper-slide\" role=\"group\" aria-roledescription=\"slide\" aria-label=\"9 de 11\"><figure class=\"swiper-slide-inner\"><img decoding=\"async\" class=\"swiper-slide-image\" src=\"https:\/\/ecoallpa.com\/portal\/wp-content\/uploads\/2020\/02\/NSF.png\" alt=\"empaques-biodegradables\" \/><\/figure><\/div><div class=\"swiper-slide\" role=\"group\" aria-roledescription=\"slide\" aria-label=\"10 de 11\"><figure class=\"swiper-slide-inner\"><img decoding=\"async\" class=\"swiper-slide-image\" src=\"https:\/\/ecoallpa.com\/portal\/wp-content\/uploads\/2020\/02\/recyclable.png\" alt=\"empaques-biodegradables\" \/><\/figure><\/div><div class=\"swiper-slide\" role=\"group\" aria-roledescription=\"slide\" aria-label=\"11 de 11\"><figure class=\"swiper-slide-inner\"><img decoding=\"async\" class=\"swiper-slide-image\" src=\"https:\/\/ecoallpa.com\/portal\/wp-content\/uploads\/2020\/02\/UKAS.png\" alt=\"empaques-biodegradables\" \/><\/figure><\/div>\t\t\t<\/div>\n\t\t\t\t\t\t\t\n\t\t\t\t\t\t\t\t\t<\/div>\n\t\t\t\t\t\t<\/div>\n\t\t\t\t<\/div>\n\t\t\t\t\t<\/div>\n\t\t<\/div>\n\t\t\t\t\t<\/div>\n\t\t<\/section>\n\t\t\t\t<\/div>\n\t\t","protected":false},"excerpt":{"rendered":"<p>Ecoallpa Nosotros Es una empresa que nace bajo el prop\u00f3sito de aportar a la reducci\u00f3n&nbsp;del impacto ambiental ofreciendo alternativas de empaque biodegradables, compostables,&nbsp;&nbsp;funcionales y sostenibles. Nuestra Visi\u00f3n Aportar a la disminuci\u00f3n del impacto negativo ambiental y convertirnos en el principal proveedor de productos biodegradables para la industria de alimentos en Colombia Visi\u00f3n Para el 2025 [&hellip;]<\/p>\n","protected":false},"author":1,"featured_media":0,"parent":0,"menu_order":900,"comment_status":"closed","ping_status":"closed","template":"template\/template-full-width.php","meta":{"footnotes":""},"class_list":["post-1083","page","type-page","status-publish","hentry"],"jetpack_sharing_enabled":true,"_links":{"self":[{"href":"https:\/\/ecoallpa.com\/portal\/wp-json\/wp\/v2\/pages\/1083","targetHints":{"allow":["GET"]}}],"collection":[{"href":"https:\/\/ecoallpa.com\/portal\/wp-json\/wp\/v2\/pages"}],"about":[{"href":"https:\/\/ecoallpa.com\/portal\/wp-json\/wp\/v2\/types\/page"}],"author":[{"embeddable":true,"href":"https:\/\/ecoallpa.com\/portal\/wp-json\/wp\/v2\/users\/1"}],"replies":[{"embeddable":true,"href":"https:\/\/ecoallpa.com\/portal\/wp-json\/wp\/v2\/comments?post=1083"}],"version-history":[{"count":32,"href":"https:\/\/ecoallpa.com\/portal\/wp-json\/wp\/v2\/pages\/1083\/revisions"}],"predecessor-version":[{"id":4198,"href":"https:\/\/ecoallpa.com\/portal\/wp-json\/wp\/v2\/pages\/1083\/revisions\/4198"}],"wp:attachment":[{"href":"https:\/\/ecoallpa.com\/portal\/wp-json\/wp\/v2\/media?parent=1083"}],"curies":[{"name":"wp","href":"https:\/\/api.w.org\/{rel}","templated":true}]}}