{"id":3445,"date":"2020-04-30T18:26:18","date_gmt":"2020-04-30T23:26:18","guid":{"rendered":"https:\/\/merakismart.co\/portal\/?post_type=product&#038;p=3445"},"modified":"2023-08-22T14:51:07","modified_gmt":"2023-08-22T19:51:07","slug":"tacita-de-bagazo-4oz-por-100-unidades","status":"publish","type":"product","link":"https:\/\/ecoallpa.com\/portal\/producto\/tacita-de-bagazo-4oz-por-100-unidades\/","title":{"rendered":"Copa De Bagazo 4 Oz x 100 Unidades"},"content":{"rendered":"<p><img decoding=\"async\" class=\"wp-image-3778\" src=\"https:\/\/ecoallpa.com\/portal\/wp-content\/uploads\/2020\/07\/ecoallpa-logo.svg\" alt=\"\" width=\"240\" height=\"80\" \/><\/p>\n<h3>COPA DE BAGAZO 4OZ por 50 unidades<\/h3>\n<p>\u00a1GRAN PRECIO DE OFERTA!<\/p>\n<p>Pr\u00e1cticos Tazones hechos en material Bagazo, aplica para caliente y fr\u00edo.<\/p>\n<p>Los Productos Hechos de Bagazo de ca\u00f1a, son los residuos de la pulpa seca que quedan luego de la extracci\u00f3n del jugo de ca\u00f1a de az\u00facar, solo tardan 90 d\u00edas en degradarse.<\/p>\n","protected":false},"excerpt":{"rendered":"<p><img decoding=\"async\" class=\"wp-image-3778\" src=\"https:\/\/ecoallpa.com\/portal\/wp-content\/uploads\/2020\/07\/ecoallpa-logo.svg\" alt=\"\" width=\"240\" height=\"80\" \/><\/p>\n<p>Pr\u00e1cticas Tazas hechos en material Bagazo, aplica para caliente y fr\u00edo.<\/p>\n<p><strong>\u00bfCu\u00e1nto Tardan en degradarse?<\/strong> Menos de 90 d\u00edas. Nuestros platos compostables son amigables con el medio ambiente.<\/p>\n<p>&nbsp;<\/p>\n","protected":false},"featured_media":3870,"comment_status":"open","ping_status":"closed","template":"","meta":[],"product_brand":[],"product_cat":[186],"product_tag":[154,156,152,166],"class_list":{"0":"post-3445","1":"product","2":"type-product","3":"status-publish","4":"has-post-thumbnail","6":"product_cat-bagazo","7":"product_tag-bagazo","8":"product_tag-biodegradable","9":"product_tag-sustentable","10":"product_tag-tazas","12":"first","13":"instock","14":"sale","15":"shipping-taxable","16":"purchasable","17":"product-type-simple"},"jetpack_sharing_enabled":true,"_links":{"self":[{"href":"https:\/\/ecoallpa.com\/portal\/wp-json\/wp\/v2\/product\/3445","targetHints":{"allow":["GET"]}}],"collection":[{"href":"https:\/\/ecoallpa.com\/portal\/wp-json\/wp\/v2\/product"}],"about":[{"href":"https:\/\/ecoallpa.com\/portal\/wp-json\/wp\/v2\/types\/product"}],"replies":[{"embeddable":true,"href":"https:\/\/ecoallpa.com\/portal\/wp-json\/wp\/v2\/comments?post=3445"}],"wp:featuredmedia":[{"embeddable":true,"href":"https:\/\/ecoallpa.com\/portal\/wp-json\/wp\/v2\/media\/3870"}],"wp:attachment":[{"href":"https:\/\/ecoallpa.com\/portal\/wp-json\/wp\/v2\/media?parent=3445"}],"wp:term":[{"taxonomy":"product_brand","embeddable":true,"href":"https:\/\/ecoallpa.com\/portal\/wp-json\/wp\/v2\/product_brand?post=3445"},{"taxonomy":"product_cat","embeddable":true,"href":"https:\/\/ecoallpa.com\/portal\/wp-json\/wp\/v2\/product_cat?post=3445"},{"taxonomy":"product_tag","embeddable":true,"href":"https:\/\/ecoallpa.com\/portal\/wp-json\/wp\/v2\/product_tag?post=3445"}],"curies":[{"name":"wp","href":"https:\/\/api.w.org\/{rel}","templated":true}]}}