{"id":3471,"date":"2020-05-04T09:56:23","date_gmt":"2020-05-04T14:56:23","guid":{"rendered":"https:\/\/merakismart.co\/portal\/?post_type=product&#038;p=3471"},"modified":"2023-08-22T14:51:06","modified_gmt":"2023-08-22T19:51:06","slug":"kraft-caja-de-comida-5-deli-box-por-200-unidades","status":"publish","type":"product","link":"https:\/\/ecoallpa.com\/portal\/producto\/kraft-caja-de-comida-5-deli-box-por-200-unidades\/","title":{"rendered":"Caja De Comida #5 (Deli Box) &#8211; -36 Oz En Kraft x 200 Unidades"},"content":{"rendered":"<p><img decoding=\"async\" class=\"wp-image-3778\" src=\"https:\/\/ecoallpa.com\/portal\/wp-content\/uploads\/2020\/07\/ecoallpa-logo.svg\" alt=\"\" width=\"240\" height=\"80\" \/><\/p>\n<h3>KRAFT CAJA DE COMIDA #5 (DELI BOX) por 200 unidades<\/h3>\n<p>Dise\u00f1o Pr\u00e1ctico en diversas dimensiones para mayor comodidad en su manipulaci\u00f3n creado en material Papel Kraft, preparado para Caliente y Fr\u00edo<\/p>\n<p>Peso: 337g +PLA<\/p>\n<p>Dimensiones: 23.2 x 23.2 \/ 21.5 x 21.5<\/p>\n<p>Sab\u00edas que? Nuestros productos son de un solo uso, 100% biodegradables y compostable, no derivados del petr\u00f3leo y con m\u00ednima huella de carbono.<\/p>\n","protected":false},"excerpt":{"rendered":"<p><img decoding=\"async\" class=\"wp-image-3778\" src=\"https:\/\/ecoallpa.com\/portal\/wp-content\/uploads\/2020\/07\/ecoallpa-logo.svg\" alt=\"\" width=\"240\" height=\"80\" \/><\/p>\n<p>Dise\u00f1o Pr\u00e1ctico en diversas dimensiones para mayor comodidad en su manipulaci\u00f3n creado en material Papel Kraft, preparado para Caliente y Fr\u00edo<\/p>\n<p>Peso: 337g +PLA<\/p>\n<p>Dimensiones: 23.2 x 23.2 \/ 21.5 x 21.5<\/p>\n<p>Durante la elaboraci\u00f3n de nuestras Cajas para comida, reducimos un 9,3% el consumo de agua y un 13,5% el consumo de energ\u00eda, en Ecoallpa nos comprometemos con el medio ambiente.<\/p>\n","protected":false},"featured_media":3540,"comment_status":"open","ping_status":"closed","template":"","meta":[],"product_brand":[],"product_cat":[187],"product_tag":[156,155,160,174],"class_list":{"0":"post-3471","1":"product","2":"type-product","3":"status-publish","4":"has-post-thumbnail","6":"product_cat-papel-kraft-2","7":"product_tag-biodegradable","8":"product_tag-cajas-de-comida","9":"product_tag-compostable","10":"product_tag-papel-kraft","12":"first","13":"instock","14":"sale","15":"shipping-taxable","16":"purchasable","17":"product-type-simple"},"jetpack_sharing_enabled":true,"_links":{"self":[{"href":"https:\/\/ecoallpa.com\/portal\/wp-json\/wp\/v2\/product\/3471","targetHints":{"allow":["GET"]}}],"collection":[{"href":"https:\/\/ecoallpa.com\/portal\/wp-json\/wp\/v2\/product"}],"about":[{"href":"https:\/\/ecoallpa.com\/portal\/wp-json\/wp\/v2\/types\/product"}],"replies":[{"embeddable":true,"href":"https:\/\/ecoallpa.com\/portal\/wp-json\/wp\/v2\/comments?post=3471"}],"wp:featuredmedia":[{"embeddable":true,"href":"https:\/\/ecoallpa.com\/portal\/wp-json\/wp\/v2\/media\/3540"}],"wp:attachment":[{"href":"https:\/\/ecoallpa.com\/portal\/wp-json\/wp\/v2\/media?parent=3471"}],"wp:term":[{"taxonomy":"product_brand","embeddable":true,"href":"https:\/\/ecoallpa.com\/portal\/wp-json\/wp\/v2\/product_brand?post=3471"},{"taxonomy":"product_cat","embeddable":true,"href":"https:\/\/ecoallpa.com\/portal\/wp-json\/wp\/v2\/product_cat?post=3471"},{"taxonomy":"product_tag","embeddable":true,"href":"https:\/\/ecoallpa.com\/portal\/wp-json\/wp\/v2\/product_tag?post=3471"}],"curies":[{"name":"wp","href":"https:\/\/api.w.org\/{rel}","templated":true}]}}