{"id":3822,"date":"2022-10-07T12:59:21","date_gmt":"2022-10-07T17:59:21","guid":{"rendered":"https:\/\/ecoallpa.com\/portal\/?post_type=product&#038;p=3822"},"modified":"2023-08-01T14:46:26","modified_gmt":"2023-08-01T19:46:26","slug":"copa-para-salsa-en-bagazo-de-4oz-x100-und","status":"publish","type":"product","link":"https:\/\/ecoallpa.com\/portal\/producto\/copa-para-salsa-en-bagazo-de-4oz-x100-und\/","title":{"rendered":"Copa salsera en Bagazo de ca\u00f1a 4 Onz x 50 Unds"},"content":{"rendered":"<p><strong>Copa Salsera<\/strong><\/p>\n<ul>\n<li>4 Oz &#8211; Sin tapa<\/li>\n<li>100 Unidades<\/li>\n<li>Color blanco<\/li>\n<li>100% Biodegradables.<\/li>\n<li>F\u00e1cil apilamiento<\/li>\n<li>Son seguros para ni\u00f1os y animales.<\/li>\n<li>Resistentes a la grasa y humedad<\/li>\n<li>Resistente a Microondas.<\/li>\n<li>Material apto para la preservar los alimentos.<\/li>\n<\/ul>\n<div class=\"woocommerce-product-details__short-description\">PRECIO CON IVA INCLUIDO<\/div>\n","protected":false},"excerpt":{"rendered":"<p>Somos importadores y distribuidores de recipientes y elementos de menaje 100% biodegradables en material Kraft y Bagazo; solo tardan 90 d\u00edas en degradarse, su dise\u00f1o es pr\u00e1ctico para el almacenamiento de alimentos<\/p>\n<p>Manejamos un amplio portafolio con el que te brindamos la soluci\u00f3n sustentable y sostenible para tu negocio y as\u00ed juntos contribuir a la reducci\u00f3n de emisiones de CO2.<\/p>\n","protected":false},"featured_media":4009,"comment_status":"open","ping_status":"closed","template":"","meta":[],"product_brand":[],"product_cat":[230,186],"product_tag":[],"class_list":{"0":"post-3822","1":"product","2":"type-product","3":"status-publish","4":"has-post-thumbnail","6":"product_cat-copas-salseras","7":"product_cat-bagazo","9":"first","10":"instock","11":"sale","12":"shipping-taxable","13":"purchasable","14":"product-type-simple"},"jetpack_sharing_enabled":true,"_links":{"self":[{"href":"https:\/\/ecoallpa.com\/portal\/wp-json\/wp\/v2\/product\/3822","targetHints":{"allow":["GET"]}}],"collection":[{"href":"https:\/\/ecoallpa.com\/portal\/wp-json\/wp\/v2\/product"}],"about":[{"href":"https:\/\/ecoallpa.com\/portal\/wp-json\/wp\/v2\/types\/product"}],"replies":[{"embeddable":true,"href":"https:\/\/ecoallpa.com\/portal\/wp-json\/wp\/v2\/comments?post=3822"}],"wp:featuredmedia":[{"embeddable":true,"href":"https:\/\/ecoallpa.com\/portal\/wp-json\/wp\/v2\/media\/4009"}],"wp:attachment":[{"href":"https:\/\/ecoallpa.com\/portal\/wp-json\/wp\/v2\/media?parent=3822"}],"wp:term":[{"taxonomy":"product_brand","embeddable":true,"href":"https:\/\/ecoallpa.com\/portal\/wp-json\/wp\/v2\/product_brand?post=3822"},{"taxonomy":"product_cat","embeddable":true,"href":"https:\/\/ecoallpa.com\/portal\/wp-json\/wp\/v2\/product_cat?post=3822"},{"taxonomy":"product_tag","embeddable":true,"href":"https:\/\/ecoallpa.com\/portal\/wp-json\/wp\/v2\/product_tag?post=3822"}],"curies":[{"name":"wp","href":"https:\/\/api.w.org\/{rel}","templated":true}]}}