{"id":7163,"date":"2025-01-31T11:23:22","date_gmt":"2025-01-31T16:23:22","guid":{"rendered":"https:\/\/ecoallpa.com\/portal\/?post_type=product&#038;p=7163"},"modified":"2025-01-31T11:24:04","modified_gmt":"2025-01-31T16:24:04","slug":"audifonos-jbl-gaming-quantum-610-wireless","status":"publish","type":"product","link":"https:\/\/ecoallpa.com\/portal\/producto\/audifonos-jbl-gaming-quantum-610-wireless\/","title":{"rendered":"AUDIFONOS JBL GAMING QUANTUM 610 &#8211; WIRELESS"},"content":{"rendered":"<h1><strong>AUDIFONOS JBL GAMING QUANTUM 610 &#8211; WIRELESS<\/strong><\/h1>\n","protected":false},"excerpt":{"rendered":"<p>M\u00e9tete a fondo en el juego. Sum\u00e9rgete en una experiencia \u00e9pica y disfruta del sonido desde cualquier \u00e1ngulo, todo cortes\u00eda de JBL QuantumSURROUND*. Incorporan tambi\u00e9n DTS headphone:X v2.0. Disponible solo para PC. *Solo disponible para PC con conexi\u00f3n USB a trav\u00e9s de JBL QuantumENGINE.<\/p>\n","protected":false},"featured_media":7164,"comment_status":"closed","ping_status":"closed","template":"","meta":[],"product_brand":[],"product_cat":[690,537],"product_tag":[1089,1090,1091,1092,1093],"class_list":{"0":"post-7163","1":"product","2":"type-product","3":"status-publish","4":"has-post-thumbnail","6":"product_cat-audifonos","7":"product_cat-audio","8":"product_tag-auriculares-integrales-jbl","9":"product_tag-auriculares-integrales-para-gaming-sin-cables","10":"product_tag-jbl-quantum","11":"product_tag-jbl-quantum-610-wireless","12":"product_tag-jbl-wireless","14":"first","15":"instock","16":"sale","17":"shipping-taxable","18":"purchasable","19":"product-type-simple"},"jetpack_sharing_enabled":true,"_links":{"self":[{"href":"https:\/\/ecoallpa.com\/portal\/wp-json\/wp\/v2\/product\/7163","targetHints":{"allow":["GET"]}}],"collection":[{"href":"https:\/\/ecoallpa.com\/portal\/wp-json\/wp\/v2\/product"}],"about":[{"href":"https:\/\/ecoallpa.com\/portal\/wp-json\/wp\/v2\/types\/product"}],"replies":[{"embeddable":true,"href":"https:\/\/ecoallpa.com\/portal\/wp-json\/wp\/v2\/comments?post=7163"}],"wp:featuredmedia":[{"embeddable":true,"href":"https:\/\/ecoallpa.com\/portal\/wp-json\/wp\/v2\/media\/7164"}],"wp:attachment":[{"href":"https:\/\/ecoallpa.com\/portal\/wp-json\/wp\/v2\/media?parent=7163"}],"wp:term":[{"taxonomy":"product_brand","embeddable":true,"href":"https:\/\/ecoallpa.com\/portal\/wp-json\/wp\/v2\/product_brand?post=7163"},{"taxonomy":"product_cat","embeddable":true,"href":"https:\/\/ecoallpa.com\/portal\/wp-json\/wp\/v2\/product_cat?post=7163"},{"taxonomy":"product_tag","embeddable":true,"href":"https:\/\/ecoallpa.com\/portal\/wp-json\/wp\/v2\/product_tag?post=7163"}],"curies":[{"name":"wp","href":"https:\/\/api.w.org\/{rel}","templated":true}]}}