{"id":7177,"date":"2025-01-31T11:25:04","date_gmt":"2025-01-31T16:25:04","guid":{"rendered":"https:\/\/ecoallpa.com\/portal\/?post_type=product&#038;p=7177"},"modified":"2025-01-31T11:25:06","modified_gmt":"2025-01-31T16:25:06","slug":"epson-impresora-multifuncion-l3251","status":"publish","type":"product","link":"https:\/\/ecoallpa.com\/portal\/producto\/epson-impresora-multifuncion-l3251\/","title":{"rendered":"Epson Impresora Multifunci\u00f3n L3251"},"content":{"rendered":"<h1><strong>Epson Impresora Multifunci\u00f3n L3251<\/strong><\/h1>\n","protected":false},"excerpt":{"rendered":"<p>La Impresora multifuncional 3 en 1 Epson EcoTank L3251 ofrece a las familias, estudiantes y profesionales un costo de impresi\u00f3n ultra bajo, que te permite imprimir hasta 4.500 p\u00e1ginas en negro o 7.500 p\u00e1ginas a color5 con cada juego de botellas de repuesto. La EcoTank L3251 ofrece total confiabilidad gracias a la tecnolog\u00eda Heat-Free de Epson, adem\u00e1s de una experiencia de recarga f\u00e1cil, limpia y sin errores con la tecnolog\u00eda EcoFitTM. Dise\u00f1ado para integrarse en su estilo de vida, est\u00e1 completamente conectado con WiFi, WiFi Direct\u00ae y capacidades de impresi\u00f3n m\u00f3vil a trav\u00e9s de la nueva e intuitiva aplicaci\u00f3n Epson Smart Panel y cuenta con un dise\u00f1o de tanque frontal s\u00faper compacto que ocupa poco espacio y permite verificar f\u00e1cilmente los niveles de tinta.<\/p>\n","protected":false},"featured_media":7178,"comment_status":"closed","ping_status":"closed","template":"","meta":[],"product_brand":[],"product_cat":[491,492,493],"product_tag":[435,1103,292,1104],"class_list":{"0":"post-7177","1":"product","2":"type-product","3":"status-publish","4":"has-post-thumbnail","6":"product_cat-impresion","7":"product_cat-impresoras-de-tinta","8":"product_cat-multifuncionales-color","9":"product_tag-epson","10":"product_tag-epson-impresora-multifuncion-l3251","11":"product_tag-impresora","12":"product_tag-l3251","14":"first","15":"instock","16":"sale","17":"shipping-taxable","18":"purchasable","19":"product-type-simple"},"jetpack_sharing_enabled":true,"_links":{"self":[{"href":"https:\/\/ecoallpa.com\/portal\/wp-json\/wp\/v2\/product\/7177","targetHints":{"allow":["GET"]}}],"collection":[{"href":"https:\/\/ecoallpa.com\/portal\/wp-json\/wp\/v2\/product"}],"about":[{"href":"https:\/\/ecoallpa.com\/portal\/wp-json\/wp\/v2\/types\/product"}],"replies":[{"embeddable":true,"href":"https:\/\/ecoallpa.com\/portal\/wp-json\/wp\/v2\/comments?post=7177"}],"wp:featuredmedia":[{"embeddable":true,"href":"https:\/\/ecoallpa.com\/portal\/wp-json\/wp\/v2\/media\/7178"}],"wp:attachment":[{"href":"https:\/\/ecoallpa.com\/portal\/wp-json\/wp\/v2\/media?parent=7177"}],"wp:term":[{"taxonomy":"product_brand","embeddable":true,"href":"https:\/\/ecoallpa.com\/portal\/wp-json\/wp\/v2\/product_brand?post=7177"},{"taxonomy":"product_cat","embeddable":true,"href":"https:\/\/ecoallpa.com\/portal\/wp-json\/wp\/v2\/product_cat?post=7177"},{"taxonomy":"product_tag","embeddable":true,"href":"https:\/\/ecoallpa.com\/portal\/wp-json\/wp\/v2\/product_tag?post=7177"}],"curies":[{"name":"wp","href":"https:\/\/api.w.org\/{rel}","templated":true}]}}