{"id":7179,"date":"2025-01-31T11:25:10","date_gmt":"2025-01-31T16:25:10","guid":{"rendered":"https:\/\/ecoallpa.com\/portal\/?post_type=product&#038;p=7179"},"modified":"2025-01-31T11:25:13","modified_gmt":"2025-01-31T16:25:13","slug":"impresora-multifuncional-ecotank-l5590","status":"publish","type":"product","link":"https:\/\/ecoallpa.com\/portal\/producto\/impresora-multifuncional-ecotank-l5590\/","title":{"rendered":"Impresora Multifuncional EcoTank L5590"},"content":{"rendered":"<h1><strong>Impresora Multifuncional EcoTank L5590<\/strong><\/h1>\n","protected":false},"excerpt":{"rendered":"<h3 class=\"name\">Impresora multifuncional Wi-Fi 4 en 1 de alto desempe\u00f1o con velocidades de impresi\u00f3n ultra r\u00e1pidas Epson EcoTank L5590 100% sin cartuchos<\/h3>\n","protected":false},"featured_media":7180,"comment_status":"closed","ping_status":"closed","template":"","meta":[],"product_brand":[],"product_cat":[491,492,493],"product_tag":[434,1034,1105,1106],"class_list":{"0":"post-7179","1":"product","2":"type-product","3":"status-publish","4":"has-post-thumbnail","6":"product_cat-impresion","7":"product_cat-impresoras-de-tinta","8":"product_cat-multifuncionales-color","9":"product_tag-ecotank","10":"product_tag-impresora-multifuncional","11":"product_tag-impresora-multifuncional-ecotank-l5590","12":"product_tag-l5590","14":"first","15":"instock","16":"sale","17":"shipping-taxable","18":"purchasable","19":"product-type-simple"},"jetpack_sharing_enabled":true,"_links":{"self":[{"href":"https:\/\/ecoallpa.com\/portal\/wp-json\/wp\/v2\/product\/7179","targetHints":{"allow":["GET"]}}],"collection":[{"href":"https:\/\/ecoallpa.com\/portal\/wp-json\/wp\/v2\/product"}],"about":[{"href":"https:\/\/ecoallpa.com\/portal\/wp-json\/wp\/v2\/types\/product"}],"replies":[{"embeddable":true,"href":"https:\/\/ecoallpa.com\/portal\/wp-json\/wp\/v2\/comments?post=7179"}],"wp:featuredmedia":[{"embeddable":true,"href":"https:\/\/ecoallpa.com\/portal\/wp-json\/wp\/v2\/media\/7180"}],"wp:attachment":[{"href":"https:\/\/ecoallpa.com\/portal\/wp-json\/wp\/v2\/media?parent=7179"}],"wp:term":[{"taxonomy":"product_brand","embeddable":true,"href":"https:\/\/ecoallpa.com\/portal\/wp-json\/wp\/v2\/product_brand?post=7179"},{"taxonomy":"product_cat","embeddable":true,"href":"https:\/\/ecoallpa.com\/portal\/wp-json\/wp\/v2\/product_cat?post=7179"},{"taxonomy":"product_tag","embeddable":true,"href":"https:\/\/ecoallpa.com\/portal\/wp-json\/wp\/v2\/product_tag?post=7179"}],"curies":[{"name":"wp","href":"https:\/\/api.w.org\/{rel}","templated":true}]}}