{"id":7182,"date":"2025-01-31T11:25:26","date_gmt":"2025-01-31T16:25:26","guid":{"rendered":"https:\/\/ecoallpa.com\/portal\/?post_type=product&#038;p=7182"},"modified":"2025-02-17T19:58:53","modified_gmt":"2025-02-18T00:58:53","slug":"tv-hisense-32-smart-hd-32a4n","status":"publish","type":"product","link":"https:\/\/ecoallpa.com\/portal\/producto\/tv-hisense-32-smart-hd-32a4n\/","title":{"rendered":"TV\u00a0 Hisense 32&#8243; Smart HD 32A4N"},"content":{"rendered":"<h1><strong>TV Hisense 32&#8243; Smart HD 32A4N<\/strong><\/h1>\n","protected":false},"excerpt":{"rendered":"<p>Los blancos lucen m\u00e1s brillantes, los negros m\u00e1s profundos y oscuros, y los colores m\u00e1s fuertes y vivos. La televisi\u00f3n Hisense te permite descubrir m\u00e1s detalles en las sombras y colores vibrantes y fieles en todo tu contenido de video favorito.<\/p>\n","protected":false},"featured_media":7183,"comment_status":"closed","ping_status":"closed","template":"","meta":[],"product_brand":[],"product_cat":[543,704,526],"product_tag":[1107,1108,1109,274,1110,1111,1112],"class_list":{"0":"post-7182","1":"product","2":"type-product","3":"status-publish","4":"has-post-thumbnail","6":"product_cat-television","7":"product_cat-televisores-led","8":"product_cat-video","9":"product_tag-32-pulgadas-led","10":"product_tag-32a4n","11":"product_tag-hisense","12":"product_tag-smart-tv","13":"product_tag-televisor-32","14":"product_tag-televisor-hisense","15":"product_tag-tv-hisense-32-smart-hd-32a4n","17":"first","18":"instock","19":"sale","20":"featured","21":"shipping-taxable","22":"purchasable","23":"product-type-simple"},"jetpack_sharing_enabled":true,"_links":{"self":[{"href":"https:\/\/ecoallpa.com\/portal\/wp-json\/wp\/v2\/product\/7182","targetHints":{"allow":["GET"]}}],"collection":[{"href":"https:\/\/ecoallpa.com\/portal\/wp-json\/wp\/v2\/product"}],"about":[{"href":"https:\/\/ecoallpa.com\/portal\/wp-json\/wp\/v2\/types\/product"}],"replies":[{"embeddable":true,"href":"https:\/\/ecoallpa.com\/portal\/wp-json\/wp\/v2\/comments?post=7182"}],"wp:featuredmedia":[{"embeddable":true,"href":"https:\/\/ecoallpa.com\/portal\/wp-json\/wp\/v2\/media\/7183"}],"wp:attachment":[{"href":"https:\/\/ecoallpa.com\/portal\/wp-json\/wp\/v2\/media?parent=7182"}],"wp:term":[{"taxonomy":"product_brand","embeddable":true,"href":"https:\/\/ecoallpa.com\/portal\/wp-json\/wp\/v2\/product_brand?post=7182"},{"taxonomy":"product_cat","embeddable":true,"href":"https:\/\/ecoallpa.com\/portal\/wp-json\/wp\/v2\/product_cat?post=7182"},{"taxonomy":"product_tag","embeddable":true,"href":"https:\/\/ecoallpa.com\/portal\/wp-json\/wp\/v2\/product_tag?post=7182"}],"curies":[{"name":"wp","href":"https:\/\/api.w.org\/{rel}","templated":true}]}}