{"id":7199,"date":"2025-01-31T11:26:19","date_gmt":"2025-01-31T16:26:19","guid":{"rendered":"https:\/\/ecoallpa.com\/portal\/?post_type=product&#038;p=7199"},"modified":"2025-02-17T19:58:52","modified_gmt":"2025-02-18T00:58:52","slug":"tv-hisense-70-led-uhd-4k-smart-tv-70a6k","status":"publish","type":"product","link":"https:\/\/ecoallpa.com\/portal\/producto\/tv-hisense-70-led-uhd-4k-smart-tv-70a6k\/","title":{"rendered":"TV Hisense 70&#8243; LED UHD 4K Smart TV 70A6K"},"content":{"rendered":"<h1><strong>TV Hisense 70&#8243; LED UHD 4K Smart TV 70A6K<\/strong><\/h1>\n","protected":false},"excerpt":{"rendered":"<p>\u00a1Contenido en 4K! Dale la bienvenida a tu nuevo televisor inteligente de la nueva serie A6K con tecnolog\u00eda UHD 4K que se convertir\u00e1 en tu aliado perfecto para esos d\u00edas en los que quieres disfrutar de tus series favoritas sin parar, alentar a tu equipo favorito, jugar videojuegos sin perder una sola partida o sumergirte en una experiencia visual con las \u00faltimas pel\u00edculas, todo esto gracias a la tecnolog\u00eda Dolby Vision, HDR10+, modo deporte, modo juego y un sistema operativo f\u00e1cil e intuitivo que almacena el contenido en la nube sin afectar la velocidad del dispositivo y los contenidos.<\/p>\n","protected":false},"featured_media":7200,"comment_status":"closed","ping_status":"closed","template":"","meta":[],"product_brand":[],"product_cat":[543,741,526],"product_tag":[1118,1111,1119,1120,1121],"class_list":{"0":"post-7199","1":"product","2":"type-product","3":"status-publish","4":"has-post-thumbnail","6":"product_cat-television","7":"product_cat-televisores-4k","8":"product_cat-video","9":"product_tag-a6k-70","10":"product_tag-televisor-hisense","11":"product_tag-televisor-hisense-uhd-4k-a6k-70","12":"product_tag-uhd-4k","13":"product_tag-uhd-4k-a6k-70","15":"first","16":"instock","17":"sale","18":"featured","19":"shipping-taxable","20":"purchasable","21":"product-type-simple"},"jetpack_sharing_enabled":true,"_links":{"self":[{"href":"https:\/\/ecoallpa.com\/portal\/wp-json\/wp\/v2\/product\/7199","targetHints":{"allow":["GET"]}}],"collection":[{"href":"https:\/\/ecoallpa.com\/portal\/wp-json\/wp\/v2\/product"}],"about":[{"href":"https:\/\/ecoallpa.com\/portal\/wp-json\/wp\/v2\/types\/product"}],"replies":[{"embeddable":true,"href":"https:\/\/ecoallpa.com\/portal\/wp-json\/wp\/v2\/comments?post=7199"}],"wp:featuredmedia":[{"embeddable":true,"href":"https:\/\/ecoallpa.com\/portal\/wp-json\/wp\/v2\/media\/7200"}],"wp:attachment":[{"href":"https:\/\/ecoallpa.com\/portal\/wp-json\/wp\/v2\/media?parent=7199"}],"wp:term":[{"taxonomy":"product_brand","embeddable":true,"href":"https:\/\/ecoallpa.com\/portal\/wp-json\/wp\/v2\/product_brand?post=7199"},{"taxonomy":"product_cat","embeddable":true,"href":"https:\/\/ecoallpa.com\/portal\/wp-json\/wp\/v2\/product_cat?post=7199"},{"taxonomy":"product_tag","embeddable":true,"href":"https:\/\/ecoallpa.com\/portal\/wp-json\/wp\/v2\/product_tag?post=7199"}],"curies":[{"name":"wp","href":"https:\/\/api.w.org\/{rel}","templated":true}]}}