{"id":7203,"date":"2025-01-31T11:26:42","date_gmt":"2025-01-31T16:26:42","guid":{"rendered":"https:\/\/ecoallpa.com\/portal\/?post_type=product&#038;p=7203"},"modified":"2025-01-31T11:26:44","modified_gmt":"2025-01-31T16:26:44","slug":"freidora-de-aire-3-8-l-manual-oster-3-8-litros","status":"publish","type":"product","link":"https:\/\/ecoallpa.com\/portal\/producto\/freidora-de-aire-3-8-l-manual-oster-3-8-litros\/","title":{"rendered":"Freidora de Aire\u00a0 3.8 L Manual OSTER 3.8 litros"},"content":{"rendered":"<p>Experimenta una nueva era en la preparaci\u00f3n de alimentos con nuestra innovadora freidora de aire manual Oster\u00ae. Nuestra freidora tiene capacidad de 3.8L* permite cocinar un pollo de hasta 2Kg. Con controles para ajustar el tiempo y la temperatura, podr\u00e1s adaptar f\u00e1cilmente la cocci\u00f3n a tus necesidades y preferencias culinarias. Disfruta de comidas deliciosas y saludables con menos aceite y sin sacrificar el sabor ni la textura crujiente que tanto te gusta. \u00a1Simplifica tu experiencia en la cocina y descubre un mundo de posibilidades gastron\u00f3micas con nuestra freidora de aire manual Oster\u00ae!<\/p>\n","protected":false},"excerpt":{"rendered":"<p>Experimenta una nueva era en la preparaci\u00f3n de alimentos con nuestra innovadora freidora de aire manual Oster\u00ae. Nuestra freidora tiene capacidad de 3.8L* permite cocinar un pollo de hasta 2Kg. Con controles para ajustar el tiempo y la temperatura, podr\u00e1s adaptar f\u00e1cilmente la cocci\u00f3n a tus necesidades y preferencias culinarias. Disfruta de comidas deliciosas y saludables con menos aceite y sin sacrificar el sabor ni la textura crujiente que tanto te gusta. \u00a1Simplifica tu experiencia en la cocina y descubre un mundo de posibilidades gastron\u00f3micas con nuestra freidora de aire manual Oster\u00ae!<\/p>\n","protected":false},"featured_media":7205,"comment_status":"closed","ping_status":"closed","template":"","meta":[],"product_brand":[],"product_cat":[377,1122],"product_tag":[830,1123,1124,1125,1126],"class_list":{"0":"post-7203","1":"product","2":"type-product","3":"status-publish","4":"has-post-thumbnail","6":"product_cat-electrodomesticos","7":"product_cat-freidoras-de-aire","8":"product_tag-830","9":"product_tag-8-litros","10":"product_tag-freidora-de-aire","11":"product_tag-oster","12":"product_tag-oster-freidora-3-8-litros","14":"first","15":"instock","16":"sale","17":"shipping-taxable","18":"purchasable","19":"product-type-simple"},"jetpack_sharing_enabled":true,"_links":{"self":[{"href":"https:\/\/ecoallpa.com\/portal\/wp-json\/wp\/v2\/product\/7203","targetHints":{"allow":["GET"]}}],"collection":[{"href":"https:\/\/ecoallpa.com\/portal\/wp-json\/wp\/v2\/product"}],"about":[{"href":"https:\/\/ecoallpa.com\/portal\/wp-json\/wp\/v2\/types\/product"}],"replies":[{"embeddable":true,"href":"https:\/\/ecoallpa.com\/portal\/wp-json\/wp\/v2\/comments?post=7203"}],"wp:featuredmedia":[{"embeddable":true,"href":"https:\/\/ecoallpa.com\/portal\/wp-json\/wp\/v2\/media\/7205"}],"wp:attachment":[{"href":"https:\/\/ecoallpa.com\/portal\/wp-json\/wp\/v2\/media?parent=7203"}],"wp:term":[{"taxonomy":"product_brand","embeddable":true,"href":"https:\/\/ecoallpa.com\/portal\/wp-json\/wp\/v2\/product_brand?post=7203"},{"taxonomy":"product_cat","embeddable":true,"href":"https:\/\/ecoallpa.com\/portal\/wp-json\/wp\/v2\/product_cat?post=7203"},{"taxonomy":"product_tag","embeddable":true,"href":"https:\/\/ecoallpa.com\/portal\/wp-json\/wp\/v2\/product_tag?post=7203"}],"curies":[{"name":"wp","href":"https:\/\/api.w.org\/{rel}","templated":true}]}}