{"id":7222,"date":"2025-01-31T11:27:05","date_gmt":"2025-01-31T16:27:05","guid":{"rendered":"https:\/\/ecoallpa.com\/portal\/?post_type=product&#038;p=7222"},"modified":"2025-01-31T11:27:13","modified_gmt":"2025-01-31T16:27:13","slug":"monitor-aoc-27-pulgadas-full-hd-va-75hz-27b3hm-hdmi","status":"publish","type":"product","link":"https:\/\/ecoallpa.com\/portal\/producto\/monitor-aoc-27-pulgadas-full-hd-va-75hz-27b3hm-hdmi\/","title":{"rendered":"Monitor AOC 27 Pulgadas Full HD VA 75Hz 27B3HM \u2013 HDMI"},"content":{"rendered":"<h1><strong>Monitor AOC 27 Pulgadas Full HD VA 75Hz 27B3HM \u2013 HDMI<\/strong><\/h1>\n","protected":false},"excerpt":{"rendered":"<p>El AOC 27B3HM es un monitor fino de 27\u201d con tres lados sin marco que facilita por completo su flujo de trabajo diario, aunando calidad y confort para disponer de una oficina en casa peque\u00f1a, pero completa. Disfrute de una imagen de gran calidad con resoluci\u00f3n FHD y los amplios \u00e1ngulos de su panel VA. Tambi\u00e9n incluye una gran variedad de opciones de conectividad para facilitar su productividad.<\/p>\n","protected":false},"featured_media":7223,"comment_status":"closed","ping_status":"closed","template":"","meta":[],"product_brand":[],"product_cat":[533,527,526],"product_tag":[1134,1135,1136,1137],"class_list":{"0":"post-7222","1":"product","2":"type-product","3":"status-publish","4":"has-post-thumbnail","6":"product_cat-computadores","7":"product_cat-monitores","8":"product_cat-video","9":"product_tag-monitor-27-pulgadas-full","10":"product_tag-monitor-aoc-27-pulgadas","11":"product_tag-monitor-aoc-27-pulgadas-full-hd-va-27b3hm","12":"product_tag-monitor-aoc-27-pulgadas-full-hd-va-75hz-27b3hm","14":"first","15":"instock","16":"sale","17":"shipping-taxable","18":"purchasable","19":"product-type-simple"},"jetpack_sharing_enabled":true,"_links":{"self":[{"href":"https:\/\/ecoallpa.com\/portal\/wp-json\/wp\/v2\/product\/7222","targetHints":{"allow":["GET"]}}],"collection":[{"href":"https:\/\/ecoallpa.com\/portal\/wp-json\/wp\/v2\/product"}],"about":[{"href":"https:\/\/ecoallpa.com\/portal\/wp-json\/wp\/v2\/types\/product"}],"replies":[{"embeddable":true,"href":"https:\/\/ecoallpa.com\/portal\/wp-json\/wp\/v2\/comments?post=7222"}],"wp:featuredmedia":[{"embeddable":true,"href":"https:\/\/ecoallpa.com\/portal\/wp-json\/wp\/v2\/media\/7223"}],"wp:attachment":[{"href":"https:\/\/ecoallpa.com\/portal\/wp-json\/wp\/v2\/media?parent=7222"}],"wp:term":[{"taxonomy":"product_brand","embeddable":true,"href":"https:\/\/ecoallpa.com\/portal\/wp-json\/wp\/v2\/product_brand?post=7222"},{"taxonomy":"product_cat","embeddable":true,"href":"https:\/\/ecoallpa.com\/portal\/wp-json\/wp\/v2\/product_cat?post=7222"},{"taxonomy":"product_tag","embeddable":true,"href":"https:\/\/ecoallpa.com\/portal\/wp-json\/wp\/v2\/product_tag?post=7222"}],"curies":[{"name":"wp","href":"https:\/\/api.w.org\/{rel}","templated":true}]}}