{"id":7227,"date":"2025-01-31T11:27:30","date_gmt":"2025-01-31T16:27:30","guid":{"rendered":"https:\/\/ecoallpa.com\/portal\/?post_type=product&#038;p=7227"},"modified":"2025-02-17T19:58:52","modified_gmt":"2025-02-18T00:58:52","slug":"tv-hisense-uhd-4k-a6n-75%e2%80%b3","status":"publish","type":"product","link":"https:\/\/ecoallpa.com\/portal\/producto\/tv-hisense-uhd-4k-a6n-75%e2%80%b3\/","title":{"rendered":"TV Hisense UHD-4K A6N 75\u2033"},"content":{"rendered":"<h1><strong>TV Hisense UHD-4K A6N 75\u2033<\/strong><\/h1>\n","protected":false},"excerpt":{"rendered":"<p>Vive una experiencia visual impresionante con la serie A6N con sus im\u00e1genes en movimiento claras y fluidas, sin vibraciones ni desenfoques. Su avanzado sistema de reconocimiento preciso de escenas optimiza el brillo y el contraste, proporcionando escenas m\u00e1s realistas y detalladas. Adem\u00e1s, su tecnolog\u00eda mejorada garantiza una experiencia de juego m\u00e1s fluida, permiti\u00e9ndole disfrutar de cada momento con la m\u00e1xima calidad visual. Con el televisor A6N cada contenido cobra vida con una calidad de imagen inigualable.<\/p>\n","protected":false},"featured_media":7228,"comment_status":"closed","ping_status":"closed","template":"","meta":[],"product_brand":[],"product_cat":[543,741,1138,526],"product_tag":[1139,1140,1141,1142,1143],"class_list":{"0":"post-7227","1":"product","2":"type-product","3":"status-publish","4":"has-post-thumbnail","6":"product_cat-television","7":"product_cat-televisores-4k","8":"product_cat-televisores-nanocell","9":"product_cat-video","10":"product_tag-hisense-tv-75a6n","11":"product_tag-televisor-hisense-75-pulgadas","12":"product_tag-televisor-hisense-75-pulgadas-led-uhd4k-smart","13":"product_tag-televisor-hisense-75-pulgadas-led-uhd4k-smart-tv-75a6n","14":"product_tag-televisor-hisense-75-75a6n","16":"first","17":"instock","18":"sale","19":"featured","20":"shipping-taxable","21":"purchasable","22":"product-type-simple"},"jetpack_sharing_enabled":true,"_links":{"self":[{"href":"https:\/\/ecoallpa.com\/portal\/wp-json\/wp\/v2\/product\/7227","targetHints":{"allow":["GET"]}}],"collection":[{"href":"https:\/\/ecoallpa.com\/portal\/wp-json\/wp\/v2\/product"}],"about":[{"href":"https:\/\/ecoallpa.com\/portal\/wp-json\/wp\/v2\/types\/product"}],"replies":[{"embeddable":true,"href":"https:\/\/ecoallpa.com\/portal\/wp-json\/wp\/v2\/comments?post=7227"}],"wp:featuredmedia":[{"embeddable":true,"href":"https:\/\/ecoallpa.com\/portal\/wp-json\/wp\/v2\/media\/7228"}],"wp:attachment":[{"href":"https:\/\/ecoallpa.com\/portal\/wp-json\/wp\/v2\/media?parent=7227"}],"wp:term":[{"taxonomy":"product_brand","embeddable":true,"href":"https:\/\/ecoallpa.com\/portal\/wp-json\/wp\/v2\/product_brand?post=7227"},{"taxonomy":"product_cat","embeddable":true,"href":"https:\/\/ecoallpa.com\/portal\/wp-json\/wp\/v2\/product_cat?post=7227"},{"taxonomy":"product_tag","embeddable":true,"href":"https:\/\/ecoallpa.com\/portal\/wp-json\/wp\/v2\/product_tag?post=7227"}],"curies":[{"name":"wp","href":"https:\/\/api.w.org\/{rel}","templated":true}]}}