{"id":7231,"date":"2025-01-31T11:27:46","date_gmt":"2025-01-31T16:27:46","guid":{"rendered":"https:\/\/ecoallpa.com\/portal\/?post_type=product&#038;p=7231"},"modified":"2025-01-31T11:27:52","modified_gmt":"2025-01-31T16:27:52","slug":"portatil-lenovo-idea-pad-s3-core-i3-n305-8gb-512ssd-15-6-morral","status":"publish","type":"product","link":"https:\/\/ecoallpa.com\/portal\/producto\/portatil-lenovo-idea-pad-s3-core-i3-n305-8gb-512ssd-15-6-morral\/","title":{"rendered":"Portatil Lenovo Idea Pad\u00a0 S3 Core I3 N305 8gb\/512ssd\/15.6 + MORRAL"},"content":{"rendered":"<h1><strong>Portatil Lenovo Idea Pad S3 Core I3 N305 8gb\/512ssd\/15.6 + MORRAL<\/strong><\/h1>\n","protected":false},"excerpt":{"rendered":"<p>Dise\u00f1ada para ser liviana y delgada, de construcci\u00f3n robusta con resistencia y durabilidad para soportar ca\u00eddas y condiciones de viaje extremas. Ideal para quienes trabajan o estudian desde casa, compacto para llevar a todas partes y realizar todos los pendientes.<\/p>\n","protected":false},"featured_media":7232,"comment_status":"closed","ping_status":"closed","template":"","meta":[],"product_brand":[],"product_cat":[533,559],"product_tag":[894,1144,294,1145,1146,802,1147],"class_list":{"0":"post-7231","1":"product","2":"type-product","3":"status-publish","4":"has-post-thumbnail","6":"product_cat-computadores","7":"product_cat-computadores-portatiles","8":"product_tag-512gb","9":"product_tag-corei3","10":"product_tag-lenovo","11":"product_tag-lenovo-8gb","12":"product_tag-lenovo-ideapad","13":"product_tag-morral","14":"product_tag-portatil-lenovo-15","16":"first","17":"instock","18":"sale","19":"shipping-taxable","20":"purchasable","21":"product-type-simple"},"jetpack_sharing_enabled":true,"_links":{"self":[{"href":"https:\/\/ecoallpa.com\/portal\/wp-json\/wp\/v2\/product\/7231","targetHints":{"allow":["GET"]}}],"collection":[{"href":"https:\/\/ecoallpa.com\/portal\/wp-json\/wp\/v2\/product"}],"about":[{"href":"https:\/\/ecoallpa.com\/portal\/wp-json\/wp\/v2\/types\/product"}],"replies":[{"embeddable":true,"href":"https:\/\/ecoallpa.com\/portal\/wp-json\/wp\/v2\/comments?post=7231"}],"wp:featuredmedia":[{"embeddable":true,"href":"https:\/\/ecoallpa.com\/portal\/wp-json\/wp\/v2\/media\/7232"}],"wp:attachment":[{"href":"https:\/\/ecoallpa.com\/portal\/wp-json\/wp\/v2\/media?parent=7231"}],"wp:term":[{"taxonomy":"product_brand","embeddable":true,"href":"https:\/\/ecoallpa.com\/portal\/wp-json\/wp\/v2\/product_brand?post=7231"},{"taxonomy":"product_cat","embeddable":true,"href":"https:\/\/ecoallpa.com\/portal\/wp-json\/wp\/v2\/product_cat?post=7231"},{"taxonomy":"product_tag","embeddable":true,"href":"https:\/\/ecoallpa.com\/portal\/wp-json\/wp\/v2\/product_tag?post=7231"}],"curies":[{"name":"wp","href":"https:\/\/api.w.org\/{rel}","templated":true}]}}