{"id":7261,"date":"2025-01-31T11:29:44","date_gmt":"2025-01-31T16:29:44","guid":{"rendered":"https:\/\/ecoallpa.com\/portal\/?post_type=product&#038;p=7261"},"modified":"2025-01-31T11:29:53","modified_gmt":"2025-01-31T16:29:53","slug":"todo-en-uno-hp-aio-22-dg0011la-intel-n100-8gb-256gb-fhd-22","status":"publish","type":"product","link":"https:\/\/ecoallpa.com\/portal\/producto\/todo-en-uno-hp-aio-22-dg0011la-intel-n100-8gb-256gb-fhd-22\/","title":{"rendered":"Todo En Uno HP Aio 22-dg0011la Intel N100 8gb 256gb Fhd 22"},"content":{"rendered":"<h1><strong>Todo En Uno HP Aio 22-dg0011la Intel N100 8gb 256gb Fhd 22<\/strong><\/h1>\n","protected":false},"excerpt":{"rendered":"<p>Haz multitarea con facilidad gracias a la r\u00e1pida capacidad de procesamiento, a los numerosos puertos y al almacenamiento abundante para fotos y v\u00eddeos. Destaca con el v\u00eddeo avanzado y la reducci\u00f3n de ruidos por IA, sin olvidar el control de tu privacidad con un interruptor manual de la c\u00e1mara. Rel\u00e1jate con unas im\u00e1genes FHD en una pantalla ancha, con colores vivos, alto contraste\u00a0 y altavoces ajustados por DTS Audio.<\/p>\n","protected":false},"featured_media":7262,"comment_status":"closed","ping_status":"closed","template":"","meta":[],"product_brand":[],"product_cat":[533,582],"product_tag":[1168,1169,1170],"class_list":{"0":"post-7261","1":"product","2":"type-product","3":"status-publish","4":"has-post-thumbnail","6":"product_cat-computadores","7":"product_cat-computadores-escritorio-y-all-in-one","8":"product_tag-todo-en-uno-hp-aio-22-dg0011la","9":"product_tag-todo-en-uno-hp-aio-22-dg0011la-intel-n100","10":"product_tag-todo-en-uno-hp-n100-8gb-256gb","12":"first","13":"instock","14":"sale","15":"shipping-taxable","16":"purchasable","17":"product-type-simple"},"jetpack_sharing_enabled":true,"_links":{"self":[{"href":"https:\/\/ecoallpa.com\/portal\/wp-json\/wp\/v2\/product\/7261","targetHints":{"allow":["GET"]}}],"collection":[{"href":"https:\/\/ecoallpa.com\/portal\/wp-json\/wp\/v2\/product"}],"about":[{"href":"https:\/\/ecoallpa.com\/portal\/wp-json\/wp\/v2\/types\/product"}],"replies":[{"embeddable":true,"href":"https:\/\/ecoallpa.com\/portal\/wp-json\/wp\/v2\/comments?post=7261"}],"wp:featuredmedia":[{"embeddable":true,"href":"https:\/\/ecoallpa.com\/portal\/wp-json\/wp\/v2\/media\/7262"}],"wp:attachment":[{"href":"https:\/\/ecoallpa.com\/portal\/wp-json\/wp\/v2\/media?parent=7261"}],"wp:term":[{"taxonomy":"product_brand","embeddable":true,"href":"https:\/\/ecoallpa.com\/portal\/wp-json\/wp\/v2\/product_brand?post=7261"},{"taxonomy":"product_cat","embeddable":true,"href":"https:\/\/ecoallpa.com\/portal\/wp-json\/wp\/v2\/product_cat?post=7261"},{"taxonomy":"product_tag","embeddable":true,"href":"https:\/\/ecoallpa.com\/portal\/wp-json\/wp\/v2\/product_tag?post=7261"}],"curies":[{"name":"wp","href":"https:\/\/api.w.org\/{rel}","templated":true}]}}