{"id":7267,"date":"2025-01-31T11:29:59","date_gmt":"2025-01-31T16:29:59","guid":{"rendered":"https:\/\/ecoallpa.com\/portal\/?post_type=product&#038;p=7267"},"modified":"2025-01-31T11:30:01","modified_gmt":"2025-01-31T16:30:01","slug":"todo-en-uno-hp-aio-ryzen-3-24-cr0004la-7320u-8gb-512gb-freedos","status":"publish","type":"product","link":"https:\/\/ecoallpa.com\/portal\/producto\/todo-en-uno-hp-aio-ryzen-3-24-cr0004la-7320u-8gb-512gb-freedos\/","title":{"rendered":"Todo en Uno HP\u00a0 AIO Ryzen 3 24-cr0004la 7320U \/ 8GB \/ 512GB \/ FreeDOS"},"content":{"rendered":"<h1><strong>Todo en Uno HP AIO Ryzen 3 24-cr0004la 7320U \/ 8GB \/ 512GB \/ FreeDOS<\/strong><\/h1>\n","protected":false},"excerpt":{"rendered":"<p>Todo en Uno \u00a0HP All-in-One ofrece un rendimiento potente con su procesador R3 7320U de hasta 4.1Ghz. Viene equipada con 8GB de RAM para una multitarea fluida y un SSD de 512GB para un almacenamiento r\u00e1pido. El sistema operativo Linux brinda una experiencia optimizada y eficiente. La pantalla de 23.8&#8243; brinda una visualizaci\u00f3n n\u00edtida y clara, mientras que el dise\u00f1o en color negro le da un toque elegante. El teclado y rat\u00f3n inal\u00e1mbricos permiten una mayor comodidad y libertad de movimiento<\/p>\n","protected":false},"featured_media":7268,"comment_status":"closed","ping_status":"closed","template":"","meta":[],"product_brand":[],"product_cat":[533,582],"product_tag":[1171,1172,511,1173],"class_list":{"0":"post-7267","1":"product","2":"type-product","3":"status-publish","4":"has-post-thumbnail","6":"product_cat-computadores","7":"product_cat-computadores-escritorio-y-all-in-one","8":"product_tag-computador-todo-en-uno-hp-aio-24","9":"product_tag-hp-aio-ryzen-3-24-cr0004la","10":"product_tag-ryzen-3","11":"product_tag-todo-en-uno-cr0004la-r3","13":"first","14":"instock","15":"sale","16":"shipping-taxable","17":"purchasable","18":"product-type-simple"},"jetpack_sharing_enabled":true,"_links":{"self":[{"href":"https:\/\/ecoallpa.com\/portal\/wp-json\/wp\/v2\/product\/7267","targetHints":{"allow":["GET"]}}],"collection":[{"href":"https:\/\/ecoallpa.com\/portal\/wp-json\/wp\/v2\/product"}],"about":[{"href":"https:\/\/ecoallpa.com\/portal\/wp-json\/wp\/v2\/types\/product"}],"replies":[{"embeddable":true,"href":"https:\/\/ecoallpa.com\/portal\/wp-json\/wp\/v2\/comments?post=7267"}],"wp:featuredmedia":[{"embeddable":true,"href":"https:\/\/ecoallpa.com\/portal\/wp-json\/wp\/v2\/media\/7268"}],"wp:attachment":[{"href":"https:\/\/ecoallpa.com\/portal\/wp-json\/wp\/v2\/media?parent=7267"}],"wp:term":[{"taxonomy":"product_brand","embeddable":true,"href":"https:\/\/ecoallpa.com\/portal\/wp-json\/wp\/v2\/product_brand?post=7267"},{"taxonomy":"product_cat","embeddable":true,"href":"https:\/\/ecoallpa.com\/portal\/wp-json\/wp\/v2\/product_cat?post=7267"},{"taxonomy":"product_tag","embeddable":true,"href":"https:\/\/ecoallpa.com\/portal\/wp-json\/wp\/v2\/product_tag?post=7267"}],"curies":[{"name":"wp","href":"https:\/\/api.w.org\/{rel}","templated":true}]}}