{"id":7278,"date":"2025-01-31T11:30:23","date_gmt":"2025-01-31T16:30:23","guid":{"rendered":"https:\/\/ecoallpa.com\/portal\/?post_type=product&#038;p=7278"},"modified":"2025-01-31T11:30:25","modified_gmt":"2025-01-31T16:30:25","slug":"portatil-dell-3520-intel-i5-1235u-ram-8gb-512gb-ssd-15-6-fhd","status":"publish","type":"product","link":"https:\/\/ecoallpa.com\/portal\/producto\/portatil-dell-3520-intel-i5-1235u-ram-8gb-512gb-ssd-15-6-fhd\/","title":{"rendered":"Portatil Dell 3520 Intel I5 1235u Ram 8gb 512gb Ssd 15.6 Fhd"},"content":{"rendered":"<h1 class=\"product-title product_title entry-title\">Portatil Dell 3520 Intel I5 1235u Ram 8gb 512gb Ssd 15.6 Fhd<\/h1>\n","protected":false},"excerpt":{"rendered":"<p>La laptop de 15,6\u201d ofrece opciones de procesadores Intel\u00ae Core\u2122 de 11.\u00aa generaci\u00f3n, una est\u00e9tica elegante y un dise\u00f1o ecol\u00f3gico, con caracter\u00edsticas esenciales para el uso diario<\/p>\n","protected":false},"featured_media":7279,"comment_status":"closed","ping_status":"closed","template":"","meta":[],"product_brand":[],"product_cat":[533,559],"product_tag":[1174,387,1181,1182,1175],"class_list":{"0":"post-7278","1":"product","2":"type-product","3":"status-publish","4":"has-post-thumbnail","6":"product_cat-computadores","7":"product_cat-computadores-portatiles","8":"product_tag-15-6","9":"product_tag-corei5","10":"product_tag-dell-3520","11":"product_tag-dell-8gb","12":"product_tag-portatil-dell-3520","14":"first","15":"instock","16":"sale","17":"shipping-taxable","18":"purchasable","19":"product-type-simple"},"jetpack_sharing_enabled":true,"_links":{"self":[{"href":"https:\/\/ecoallpa.com\/portal\/wp-json\/wp\/v2\/product\/7278","targetHints":{"allow":["GET"]}}],"collection":[{"href":"https:\/\/ecoallpa.com\/portal\/wp-json\/wp\/v2\/product"}],"about":[{"href":"https:\/\/ecoallpa.com\/portal\/wp-json\/wp\/v2\/types\/product"}],"replies":[{"embeddable":true,"href":"https:\/\/ecoallpa.com\/portal\/wp-json\/wp\/v2\/comments?post=7278"}],"wp:featuredmedia":[{"embeddable":true,"href":"https:\/\/ecoallpa.com\/portal\/wp-json\/wp\/v2\/media\/7279"}],"wp:attachment":[{"href":"https:\/\/ecoallpa.com\/portal\/wp-json\/wp\/v2\/media?parent=7278"}],"wp:term":[{"taxonomy":"product_brand","embeddable":true,"href":"https:\/\/ecoallpa.com\/portal\/wp-json\/wp\/v2\/product_brand?post=7278"},{"taxonomy":"product_cat","embeddable":true,"href":"https:\/\/ecoallpa.com\/portal\/wp-json\/wp\/v2\/product_cat?post=7278"},{"taxonomy":"product_tag","embeddable":true,"href":"https:\/\/ecoallpa.com\/portal\/wp-json\/wp\/v2\/product_tag?post=7278"}],"curies":[{"name":"wp","href":"https:\/\/api.w.org\/{rel}","templated":true}]}}