{"id":7299,"date":"2025-01-31T11:31:28","date_gmt":"2025-01-31T16:31:28","guid":{"rendered":"https:\/\/ecoallpa.com\/portal\/?post_type=product&#038;p=7299"},"modified":"2025-01-31T11:31:33","modified_gmt":"2025-01-31T16:31:33","slug":"motorola-g24-negro-4gb-256gb","status":"publish","type":"product","link":"https:\/\/ecoallpa.com\/portal\/producto\/motorola-g24-negro-4gb-256gb\/","title":{"rendered":"MOTOROLA G24 NEGRO 4GB \/ 256GB"},"content":{"rendered":"<h1><strong>MOTOROLA G24 NEGRO 4GB \/ 256GB<\/strong><\/h1>\n","protected":false},"excerpt":{"rendered":"<p>El moto g24 tiene todo lo que buscas en un tel\u00e9fono de primer nivel a un precio incre\u00edble. Fabricado con materiales innovadores, cuenta con una cubierta de c\u00e1mara que proporciona una sensaci\u00f3n agradable al tacto.<\/p>\n","protected":false},"featured_media":7300,"comment_status":"closed","ping_status":"closed","template":"","meta":[],"product_brand":[],"product_cat":[674,673],"product_tag":[1193,1194],"class_list":{"0":"post-7299","1":"product","2":"type-product","3":"status-publish","4":"has-post-thumbnail","6":"product_cat-celulares","7":"product_cat-celulares-y-tablets","8":"product_tag-motorola-g24","9":"product_tag-motorola-g24-negro-4gb-256gb","11":"first","12":"instock","13":"sale","14":"shipping-taxable","15":"purchasable","16":"product-type-simple"},"jetpack_sharing_enabled":true,"_links":{"self":[{"href":"https:\/\/ecoallpa.com\/portal\/wp-json\/wp\/v2\/product\/7299","targetHints":{"allow":["GET"]}}],"collection":[{"href":"https:\/\/ecoallpa.com\/portal\/wp-json\/wp\/v2\/product"}],"about":[{"href":"https:\/\/ecoallpa.com\/portal\/wp-json\/wp\/v2\/types\/product"}],"replies":[{"embeddable":true,"href":"https:\/\/ecoallpa.com\/portal\/wp-json\/wp\/v2\/comments?post=7299"}],"wp:featuredmedia":[{"embeddable":true,"href":"https:\/\/ecoallpa.com\/portal\/wp-json\/wp\/v2\/media\/7300"}],"wp:attachment":[{"href":"https:\/\/ecoallpa.com\/portal\/wp-json\/wp\/v2\/media?parent=7299"}],"wp:term":[{"taxonomy":"product_brand","embeddable":true,"href":"https:\/\/ecoallpa.com\/portal\/wp-json\/wp\/v2\/product_brand?post=7299"},{"taxonomy":"product_cat","embeddable":true,"href":"https:\/\/ecoallpa.com\/portal\/wp-json\/wp\/v2\/product_cat?post=7299"},{"taxonomy":"product_tag","embeddable":true,"href":"https:\/\/ecoallpa.com\/portal\/wp-json\/wp\/v2\/product_tag?post=7299"}],"curies":[{"name":"wp","href":"https:\/\/api.w.org\/{rel}","templated":true}]}}