{"id":7310,"date":"2025-01-31T11:32:01","date_gmt":"2025-01-31T16:32:01","guid":{"rendered":"https:\/\/ecoallpa.com\/portal\/?post_type=product&#038;p=7310"},"modified":"2025-01-31T11:32:10","modified_gmt":"2025-01-31T16:32:10","slug":"televisor-lg-led-43-pulgadas-4k-uhd-43ut7300psa","status":"publish","type":"product","link":"https:\/\/ecoallpa.com\/portal\/producto\/televisor-lg-led-43-pulgadas-4k-uhd-43ut7300psa\/","title":{"rendered":"Televisor LG Led 43 Pulgadas 4k Uhd 43ut7300psa"},"content":{"rendered":"<h1 class=\"ui-pdp-title\"><strong>Televisor LG Led 43 Pulgadas 4k Uhd 43ut7300psa<\/strong><\/h1>\n","protected":false},"excerpt":{"rendered":"<p>LG es innovaci\u00f3n y eso se ve en cada uno de su productos tecnol\u00f3gicos, pensados especialmente para que toda la familia disfrute m\u00e1s de la vida. Tener un televisor LG es aprovechar la m\u00e1s alta calidad del mercado.<\/p>\n","protected":false},"featured_media":7311,"comment_status":"closed","ping_status":"closed","template":"","meta":[],"product_brand":[],"product_cat":[543,741,526],"product_tag":[1198,1199,1200],"class_list":{"0":"post-7310","1":"product","2":"type-product","3":"status-publish","4":"has-post-thumbnail","6":"product_cat-television","7":"product_cat-televisores-4k","8":"product_cat-video","9":"product_tag-43ut7300psa","10":"product_tag-televisor-lg-led-43","11":"product_tag-televisor-lg-led-43-pulgadas-4k-uhd-43ut7300psa","13":"first","14":"instock","15":"sale","16":"shipping-taxable","17":"purchasable","18":"product-type-simple"},"jetpack_sharing_enabled":true,"_links":{"self":[{"href":"https:\/\/ecoallpa.com\/portal\/wp-json\/wp\/v2\/product\/7310","targetHints":{"allow":["GET"]}}],"collection":[{"href":"https:\/\/ecoallpa.com\/portal\/wp-json\/wp\/v2\/product"}],"about":[{"href":"https:\/\/ecoallpa.com\/portal\/wp-json\/wp\/v2\/types\/product"}],"replies":[{"embeddable":true,"href":"https:\/\/ecoallpa.com\/portal\/wp-json\/wp\/v2\/comments?post=7310"}],"wp:featuredmedia":[{"embeddable":true,"href":"https:\/\/ecoallpa.com\/portal\/wp-json\/wp\/v2\/media\/7311"}],"wp:attachment":[{"href":"https:\/\/ecoallpa.com\/portal\/wp-json\/wp\/v2\/media?parent=7310"}],"wp:term":[{"taxonomy":"product_brand","embeddable":true,"href":"https:\/\/ecoallpa.com\/portal\/wp-json\/wp\/v2\/product_brand?post=7310"},{"taxonomy":"product_cat","embeddable":true,"href":"https:\/\/ecoallpa.com\/portal\/wp-json\/wp\/v2\/product_cat?post=7310"},{"taxonomy":"product_tag","embeddable":true,"href":"https:\/\/ecoallpa.com\/portal\/wp-json\/wp\/v2\/product_tag?post=7310"}],"curies":[{"name":"wp","href":"https:\/\/api.w.org\/{rel}","templated":true}]}}