{"id":7318,"date":"2025-01-31T11:32:39","date_gmt":"2025-01-31T16:32:39","guid":{"rendered":"https:\/\/ecoallpa.com\/portal\/?post_type=product&#038;p=7318"},"modified":"2025-01-31T11:32:44","modified_gmt":"2025-01-31T16:32:44","slug":"mouse-hp-bluetooth-240-plata","status":"publish","type":"product","link":"https:\/\/ecoallpa.com\/portal\/producto\/mouse-hp-bluetooth-240-plata\/","title":{"rendered":"Mouse Hp Bluetooth 240 Plata"},"content":{"rendered":"<h1 class=\"ui-pdp-title\"><strong>Mouse Hp Bluetooth 240 Plata<\/strong><\/h1>\n","protected":false},"excerpt":{"rendered":"<p>HP es una de las empresas m\u00e1s importantes del mundo en el rubro de la tecnolog\u00eda de la informaci\u00f3n. Su objetivo es mejorar la forma en la que viven y trabajan las personas. Los mouses HP combinan un diseno elegante y moderno con caracteristicas avanzadas que mejoran tu productividad.<\/p>\n","protected":false},"featured_media":7319,"comment_status":"closed","ping_status":"closed","template":"","meta":[],"product_brand":[],"product_cat":[356,928],"product_tag":[1202,1203],"class_list":{"0":"post-7318","1":"product","2":"type-product","3":"status-publish","4":"has-post-thumbnail","6":"product_cat-accesorios-y-perifericos","7":"product_cat-mouses","8":"product_tag-mouse-hp","9":"product_tag-mouse-hp-bluetooth-240-plata","11":"first","12":"instock","13":"sale","14":"shipping-taxable","15":"purchasable","16":"product-type-simple"},"jetpack_sharing_enabled":true,"_links":{"self":[{"href":"https:\/\/ecoallpa.com\/portal\/wp-json\/wp\/v2\/product\/7318","targetHints":{"allow":["GET"]}}],"collection":[{"href":"https:\/\/ecoallpa.com\/portal\/wp-json\/wp\/v2\/product"}],"about":[{"href":"https:\/\/ecoallpa.com\/portal\/wp-json\/wp\/v2\/types\/product"}],"replies":[{"embeddable":true,"href":"https:\/\/ecoallpa.com\/portal\/wp-json\/wp\/v2\/comments?post=7318"}],"wp:featuredmedia":[{"embeddable":true,"href":"https:\/\/ecoallpa.com\/portal\/wp-json\/wp\/v2\/media\/7319"}],"wp:attachment":[{"href":"https:\/\/ecoallpa.com\/portal\/wp-json\/wp\/v2\/media?parent=7318"}],"wp:term":[{"taxonomy":"product_brand","embeddable":true,"href":"https:\/\/ecoallpa.com\/portal\/wp-json\/wp\/v2\/product_brand?post=7318"},{"taxonomy":"product_cat","embeddable":true,"href":"https:\/\/ecoallpa.com\/portal\/wp-json\/wp\/v2\/product_cat?post=7318"},{"taxonomy":"product_tag","embeddable":true,"href":"https:\/\/ecoallpa.com\/portal\/wp-json\/wp\/v2\/product_tag?post=7318"}],"curies":[{"name":"wp","href":"https:\/\/api.w.org\/{rel}","templated":true}]}}